{"id":349,"date":"2024-12-14T13:17:23","date_gmt":"2024-12-14T12:17:23","guid":{"rendered":"https:\/\/www.arthurvalentim.fr\/?page_id=349"},"modified":"2025-02-12T11:29:25","modified_gmt":"2025-02-12T10:29:25","slug":"mentions-legales","status":"publish","type":"page","link":"https:\/\/www.arthurvalentim.fr\/en\/mentions-legales\/","title":{"rendered":"Legal notices"},"content":{"rendered":"<p>In accordance with Article 6 of Law No. 2004-575 of June 21, 2004 on confidence in the digital economy (LCEN), users of the website are informed <strong>arthurvalentim.fr<\/strong> the following information:<\/p>\n\n\n\n<p><strong>1. Information about the publisher of the website<\/strong><\/p>\n\n\n\n<ul class=\"wp-block-list\">\n<li><strong>Website Name:<\/strong> arthurvalentim.fr<\/li>\n\n\n\n<li><strong>Owner:<\/strong> Arthur VALENTIM<\/li>\n\n\n\n<li><strong>Postal address:<\/strong> 77 rue des Jardiniers, 60300, Senlis, France<\/li>\n\n\n\n<li><strong>E-mail address :<\/strong> valentin.arthur1000@gmail.com<\/li>\n\n\n\n<li><strong>Publication Director:<\/strong> Arthur VALENTIM<\/li>\n<\/ul>\n\n\n\n<p><strong>2. Website host<\/strong><\/p>\n\n\n\n<ul class=\"wp-block-list\">\n<li><strong>Host:<\/strong> OVH<\/li>\n\n\n\n<li><strong>Address:<\/strong> 2 rue Kellermann, 59100 Roubaix, France<\/li>\n\n\n\n<li><strong>Website:<\/strong> <a href=\"https:\/\/www.ovh.com\" target=\"_blank\" rel=\"noopener\">https:\/\/www.ovh.com<\/a><\/li>\n\n\n\n<li><strong>Phone number:<\/strong> +33 (0)9 72 10 10 07<\/li>\n<\/ul>\n\n\n\n<p><strong>3. Intellectual property<\/strong><\/p>\n\n\n\n<p>All content on the site <strong>arthurvalentim.fr<\/strong> (texts, images, graphics, logos, videos, icons, etc.) is the exclusive property of Arthur VALENTIM or third parties who have authorized their use. Any reproduction, representation, modification, publication, adaptation, total or partial of the content of the site, whatever the means or process used, is prohibited, except with the prior written authorization of Arthur VALENTIM.<\/p>\n\n\n\n<p>Any unauthorized use of the site or of any of the elements it contains will be considered to constitute an infringement and will be prosecuted in accordance with the provisions of Articles L.335-2 et seq. of the Intellectual Property Code.<\/p>\n\n\n\n<p><strong>4. Limitations of liability<\/strong><\/p>\n\n\n\n<p><strong>arthurvalentim.fr<\/strong> strives to provide information that is as accurate as possible. However, the site cannot be held responsible for omissions, inaccuracies or failures to update information, whether caused by itself or by third-party partners who provide it with this information.<\/p>\n\n\n\n<ul class=\"wp-block-list\">\n<li>Use of the website <strong>arthurvalentim.fr<\/strong> is done at the user's own risk.<\/li>\n\n\n\n<li><strong>arthurvalentim.fr<\/strong> cannot be held responsible for material damage linked to the use of the site, nor for any malicious intrusions on your device.<\/li>\n<\/ul>\n\n\n\n<p><strong>5. Collection of personal data<\/strong><\/p>\n\n\n\n<p>For any information relating to the collection and processing of personal data, please consult our <a href=\"https:\/\/www.arthurvalentim.fr\/index.php\/politique-de-confidentialite\/\" data-type=\"page\" data-id=\"3\">Privacy Policy<\/a>.<\/p>\n\n\n\n<p><strong>6. Hypertext links<\/strong><\/p>\n\n\n\n<p>The Website <strong>arthurvalentim.fr<\/strong> may contain hyperlinks to other sites. These links are provided for informational purposes only. <strong>arthurvalentim.fr<\/strong> has no control over the content of these sites and declines all responsibility for them.<\/p>\n\n\n\n<p><strong>7. Applicable law and competent jurisdiction<\/strong><\/p>\n\n\n\n<p>Any dispute relating to the use of the site <strong>arthurvalentim.fr<\/strong> is subject to French law. In the event of a dispute, the French courts will have sole jurisdiction.<\/p>\n\n\n\n<p><strong>8. Contact<\/strong><\/p>\n\n\n\n<p>For any questions or complaints regarding the site <strong>arthurvalentim.fr<\/strong>, you can contact:<\/p>\n\n\n\n<ul class=\"wp-block-list\">\n<li><strong>Email:<\/strong> valentin.arthur1000@gmail.com.<\/li>\n\n\n\n<li><strong>Postal address:<\/strong> 77 rue des Jardiniers, 60300, Senlis, France.<\/li>\n<\/ul>","protected":false},"excerpt":{"rendered":"<p>Conform\u00e9ment \u00e0 l\u2019article 6 de la loi n\u00b02004-575 du 21 juin 2004 pour la confiance dans l\u2019\u00e9conomie num\u00e9rique (LCEN), il est pr\u00e9cis\u00e9 aux utilisateurs du site arthurvalentim.fr les informations suivantes : 1. Informations sur l\u2019\u00e9diteur du site 2. H\u00e9bergeur du site 3. Propri\u00e9t\u00e9 intellectuelle L\u2019ensemble du contenu pr\u00e9sent sur le site arthurvalentim.fr (textes, images, graphismes, [&hellip;]<\/p>\n","protected":false},"author":1,"featured_media":0,"parent":0,"menu_order":0,"comment_status":"closed","ping_status":"closed","template":"","meta":{"saved_in_kubio":false,"footnotes":""},"class_list":["post-349","page","type-page","status-publish","hentry"],"kubio_ai_page_context":{"short_desc":"","purpose":"general"},"_links":{"self":[{"href":"https:\/\/www.arthurvalentim.fr\/en\/wp-json\/wp\/v2\/pages\/349","targetHints":{"allow":["GET"]}}],"collection":[{"href":"https:\/\/www.arthurvalentim.fr\/en\/wp-json\/wp\/v2\/pages"}],"about":[{"href":"https:\/\/www.arthurvalentim.fr\/en\/wp-json\/wp\/v2\/types\/page"}],"author":[{"embeddable":true,"href":"https:\/\/www.arthurvalentim.fr\/en\/wp-json\/wp\/v2\/users\/1"}],"replies":[{"embeddable":true,"href":"https:\/\/www.arthurvalentim.fr\/en\/wp-json\/wp\/v2\/comments?post=349"}],"version-history":[{"count":4,"href":"https:\/\/www.arthurvalentim.fr\/en\/wp-json\/wp\/v2\/pages\/349\/revisions"}],"predecessor-version":[{"id":354,"href":"https:\/\/www.arthurvalentim.fr\/en\/wp-json\/wp\/v2\/pages\/349\/revisions\/354"}],"wp:attachment":[{"href":"https:\/\/www.arthurvalentim.fr\/en\/wp-json\/wp\/v2\/media?parent=349"}],"curies":[{"name":"wp","href":"https:\/\/api.w.org\/{rel}","templated":true}]}}